{"id":243,"date":"2019-05-14T15:55:51","date_gmt":"2019-05-14T15:55:51","guid":{"rendered":"https:\/\/christuskirche-schoeningen.de\/?page_id=243"},"modified":"2023-10-13T14:49:39","modified_gmt":"2023-10-13T14:49:39","slug":"impressum","status":"publish","type":"page","link":"https:\/\/christuskirche-schoeningen.de\/index.php\/impressum\/","title":{"rendered":"Impressum"},"content":{"rendered":"\n<p><strong>Anschrift<\/strong><br>Ev.-Freik. Gemeinde Sch\u00f6ningen im Bund Ev.-Freik. Gemeinden Deutschlands K.d.\u00f6.R.<br>Helmstedter Stra\u00dfe 10<br>38364 Sch\u00f6ningen<\/p>\n\n\n\n<p><strong>Telefon:<\/strong><br>05352 1570<\/p>\n\n\n\n<p><strong>E-Mail:<\/strong><br><a href=\"mailto:%20efgschoeningen@t-online.de\">efgschoeningen[at]t-online.de<\/a><\/p>\n\n\n\n<p><strong>Internet:<\/strong><br><a rel=\"noreferrer noopener\" href=\"http:\/\/www.christuskirche-schoeningen.de\/\" target=\"_blank\">www.christuskirche-schoeningen.de<\/a><\/p>\n\n\n\n<p><strong>Vertreten durch: <\/strong>Ingrid Mund (Gemeindeleiterin)<\/p>\n\n\n\n<p>Inhaltlich Verantwortlicher gem\u00e4\u00df \u00a7 10 Absatz 3 MDStV: Ingrid Mund<\/p>\n\n\n\n<p>Verantwortlich im Sinne des Telemediengesetzes (TMG): Ingrid Mund<\/p>\n\n\n\n<p>Dieses Impressum gilt auch f\u00fcr <a rel=\"noreferrer noopener\" href=\"https:\/\/https\/\/www.facebook.com\/Christuskirche-Sch\u00f6ningen-176392519213509\/\" target=\"_blank\">www.facebook.com\/Christuskirche-Sch\u00f6ningen<\/a><br><\/p>\n\n\n\n<p>Dieses Impressum gilt auch f\u00fcr <a href=\"https:\/\/www.youtube.com\/channel\/UCS5Z4gwlVnoI98t09OlR0AA\" target=\"_blank\" rel=\"noreferrer noopener\">https:\/\/www.youtube.com\/channel\/UCS5Z4gwlVnoI98t09OlR0AA<\/a><\/p>\n\n\n\n<p><a href=\"\/index.php\/datenschutz-und-nutzungsbedingungen\/\">Informationen zu Datenschutz und Nutzungsbedingungen.<\/a><\/p>\n","protected":false},"excerpt":{"rendered":"<p>AnschriftEv.-Freik. Gemeinde Sch\u00f6ningen im Bund Ev.-Freik. Gemeinden Deutschlands K.d.\u00f6.R.Helmstedter Stra\u00dfe 1038364 Sch\u00f6ningen Telefon:05352 1570 E-Mail:efgschoeningen[at]t-online.de Internet:www.christuskirche-schoeningen.de Vertreten durch: Ingrid Mund (Gemeindeleiterin) Inhaltlich Verantwortlicher gem\u00e4\u00df \u00a7 10 Absatz 3 MDStV: Ingrid Mund Verantwortlich im Sinne des Telemediengesetzes (TMG): Ingrid Mund Dieses Impressum gilt auch f\u00fcr www.facebook.com\/Christuskirche-Sch\u00f6ningen Dieses Impressum gilt auch f\u00fcr https:\/\/www.youtube.com\/channel\/UCS5Z4gwlVnoI98t09OlR0AA Informationen zu Datenschutz und&hellip; <br \/> <a class=\"read-more\" href=\"https:\/\/christuskirche-schoeningen.de\/index.php\/impressum\/\">Read more<\/a><\/p>\n","protected":false},"author":3,"featured_media":0,"parent":0,"menu_order":0,"comment_status":"closed","ping_status":"closed","template":"","meta":{"_bbp_topic_count":0,"_bbp_reply_count":0,"_bbp_total_topic_count":0,"_bbp_total_reply_count":0,"_bbp_voice_count":0,"_bbp_anonymous_reply_count":0,"_bbp_topic_count_hidden":0,"_bbp_reply_count_hidden":0,"_bbp_forum_subforum_count":0,"footnotes":""},"class_list":["post-243","page","type-page","status-publish","hentry"],"yoast_head":"<!-- This site is optimized with the Yoast SEO plugin v27.4 - https:\/\/yoast.com\/product\/yoast-seo-wordpress\/ -->\n<title>Impressum - Christuskirche Sch\u00f6ningen<\/title>\n<meta name=\"robots\" content=\"index, follow, max-snippet:-1, max-image-preview:large, max-video-preview:-1\" \/>\n<link rel=\"canonical\" href=\"https:\/\/christuskirche-schoeningen.de\/index.php\/impressum\/\" \/>\n<meta property=\"og:locale\" content=\"de_DE\" \/>\n<meta property=\"og:type\" content=\"article\" \/>\n<meta property=\"og:title\" content=\"Impressum - Christuskirche Sch\u00f6ningen\" \/>\n<meta property=\"og:description\" content=\"AnschriftEv.-Freik. Gemeinde Sch\u00f6ningen im Bund Ev.-Freik. Gemeinden Deutschlands K.d.\u00f6.R.Helmstedter Stra\u00dfe 1038364 Sch\u00f6ningen Telefon:05352 1570 E-Mail:efgschoeningen[at]t-online.de Internet:www.christuskirche-schoeningen.de Vertreten durch: Ingrid Mund (Gemeindeleiterin) Inhaltlich Verantwortlicher gem\u00e4\u00df \u00a7 10 Absatz 3 MDStV: Ingrid Mund Verantwortlich im Sinne des Telemediengesetzes (TMG): Ingrid Mund Dieses Impressum gilt auch f\u00fcr www.facebook.com\/Christuskirche-Sch\u00f6ningen Dieses Impressum gilt auch f\u00fcr https:\/\/www.youtube.com\/channel\/UCS5Z4gwlVnoI98t09OlR0AA Informationen zu Datenschutz und&hellip; Read more\" \/>\n<meta property=\"og:url\" content=\"https:\/\/christuskirche-schoeningen.de\/index.php\/impressum\/\" \/>\n<meta property=\"og:site_name\" content=\"Christuskirche Sch\u00f6ningen\" \/>\n<meta property=\"article:modified_time\" content=\"2023-10-13T14:49:39+00:00\" \/>\n<meta name=\"twitter:card\" content=\"summary_large_image\" \/>\n<script type=\"application\/ld+json\" class=\"yoast-schema-graph\">{\"@context\":\"https:\\\/\\\/schema.org\",\"@graph\":[{\"@type\":\"WebPage\",\"@id\":\"https:\\\/\\\/christuskirche-schoeningen.de\\\/index.php\\\/impressum\\\/\",\"url\":\"https:\\\/\\\/christuskirche-schoeningen.de\\\/index.php\\\/impressum\\\/\",\"name\":\"Impressum - Christuskirche Sch\u00f6ningen\",\"isPartOf\":{\"@id\":\"https:\\\/\\\/christuskirche-schoeningen.de\\\/#website\"},\"datePublished\":\"2019-05-14T15:55:51+00:00\",\"dateModified\":\"2023-10-13T14:49:39+00:00\",\"breadcrumb\":{\"@id\":\"https:\\\/\\\/christuskirche-schoeningen.de\\\/index.php\\\/impressum\\\/#breadcrumb\"},\"inLanguage\":\"de\",\"potentialAction\":[{\"@type\":\"ReadAction\",\"target\":[\"https:\\\/\\\/christuskirche-schoeningen.de\\\/index.php\\\/impressum\\\/\"]}]},{\"@type\":\"BreadcrumbList\",\"@id\":\"https:\\\/\\\/christuskirche-schoeningen.de\\\/index.php\\\/impressum\\\/#breadcrumb\",\"itemListElement\":[{\"@type\":\"ListItem\",\"position\":1,\"name\":\"Home\",\"item\":\"https:\\\/\\\/christuskirche-schoeningen.de\\\/\"},{\"@type\":\"ListItem\",\"position\":2,\"name\":\"Impressum\"}]},{\"@type\":\"WebSite\",\"@id\":\"https:\\\/\\\/christuskirche-schoeningen.de\\\/#website\",\"url\":\"https:\\\/\\\/christuskirche-schoeningen.de\\\/\",\"name\":\"Christuskirche Sch\u00f6ningen\",\"description\":\"\",\"publisher\":{\"@id\":\"https:\\\/\\\/christuskirche-schoeningen.de\\\/#organization\"},\"potentialAction\":[{\"@type\":\"SearchAction\",\"target\":{\"@type\":\"EntryPoint\",\"urlTemplate\":\"https:\\\/\\\/christuskirche-schoeningen.de\\\/?s={search_term_string}\"},\"query-input\":{\"@type\":\"PropertyValueSpecification\",\"valueRequired\":true,\"valueName\":\"search_term_string\"}}],\"inLanguage\":\"de\"},{\"@type\":\"Organization\",\"@id\":\"https:\\\/\\\/christuskirche-schoeningen.de\\\/#organization\",\"name\":\"Christuskirche Sch\u00f6ningen\",\"url\":\"https:\\\/\\\/christuskirche-schoeningen.de\\\/\",\"logo\":{\"@type\":\"ImageObject\",\"inLanguage\":\"de\",\"@id\":\"https:\\\/\\\/christuskirche-schoeningen.de\\\/#\\\/schema\\\/logo\\\/image\\\/\",\"url\":\"https:\\\/\\\/christuskirche-schoeningen.de\\\/wp-content\\\/uploads\\\/2023\\\/05\\\/cropped-Christuskirche_Logo-mit-Text.png\",\"contentUrl\":\"https:\\\/\\\/christuskirche-schoeningen.de\\\/wp-content\\\/uploads\\\/2023\\\/05\\\/cropped-Christuskirche_Logo-mit-Text.png\",\"width\":1500,\"height\":886,\"caption\":\"Christuskirche Sch\u00f6ningen\"},\"image\":{\"@id\":\"https:\\\/\\\/christuskirche-schoeningen.de\\\/#\\\/schema\\\/logo\\\/image\\\/\"}}]}<\/script>\n<!-- \/ Yoast SEO plugin. -->","yoast_head_json":{"title":"Impressum - Christuskirche Sch\u00f6ningen","robots":{"index":"index","follow":"follow","max-snippet":"max-snippet:-1","max-image-preview":"max-image-preview:large","max-video-preview":"max-video-preview:-1"},"canonical":"https:\/\/christuskirche-schoeningen.de\/index.php\/impressum\/","og_locale":"de_DE","og_type":"article","og_title":"Impressum - Christuskirche Sch\u00f6ningen","og_description":"AnschriftEv.-Freik. Gemeinde Sch\u00f6ningen im Bund Ev.-Freik. Gemeinden Deutschlands K.d.\u00f6.R.Helmstedter Stra\u00dfe 1038364 Sch\u00f6ningen Telefon:05352 1570 E-Mail:efgschoeningen[at]t-online.de Internet:www.christuskirche-schoeningen.de Vertreten durch: Ingrid Mund (Gemeindeleiterin) Inhaltlich Verantwortlicher gem\u00e4\u00df \u00a7 10 Absatz 3 MDStV: Ingrid Mund Verantwortlich im Sinne des Telemediengesetzes (TMG): Ingrid Mund Dieses Impressum gilt auch f\u00fcr www.facebook.com\/Christuskirche-Sch\u00f6ningen Dieses Impressum gilt auch f\u00fcr https:\/\/www.youtube.com\/channel\/UCS5Z4gwlVnoI98t09OlR0AA Informationen zu Datenschutz und&hellip; Read more","og_url":"https:\/\/christuskirche-schoeningen.de\/index.php\/impressum\/","og_site_name":"Christuskirche Sch\u00f6ningen","article_modified_time":"2023-10-13T14:49:39+00:00","twitter_card":"summary_large_image","schema":{"@context":"https:\/\/schema.org","@graph":[{"@type":"WebPage","@id":"https:\/\/christuskirche-schoeningen.de\/index.php\/impressum\/","url":"https:\/\/christuskirche-schoeningen.de\/index.php\/impressum\/","name":"Impressum - Christuskirche Sch\u00f6ningen","isPartOf":{"@id":"https:\/\/christuskirche-schoeningen.de\/#website"},"datePublished":"2019-05-14T15:55:51+00:00","dateModified":"2023-10-13T14:49:39+00:00","breadcrumb":{"@id":"https:\/\/christuskirche-schoeningen.de\/index.php\/impressum\/#breadcrumb"},"inLanguage":"de","potentialAction":[{"@type":"ReadAction","target":["https:\/\/christuskirche-schoeningen.de\/index.php\/impressum\/"]}]},{"@type":"BreadcrumbList","@id":"https:\/\/christuskirche-schoeningen.de\/index.php\/impressum\/#breadcrumb","itemListElement":[{"@type":"ListItem","position":1,"name":"Home","item":"https:\/\/christuskirche-schoeningen.de\/"},{"@type":"ListItem","position":2,"name":"Impressum"}]},{"@type":"WebSite","@id":"https:\/\/christuskirche-schoeningen.de\/#website","url":"https:\/\/christuskirche-schoeningen.de\/","name":"Christuskirche Sch\u00f6ningen","description":"","publisher":{"@id":"https:\/\/christuskirche-schoeningen.de\/#organization"},"potentialAction":[{"@type":"SearchAction","target":{"@type":"EntryPoint","urlTemplate":"https:\/\/christuskirche-schoeningen.de\/?s={search_term_string}"},"query-input":{"@type":"PropertyValueSpecification","valueRequired":true,"valueName":"search_term_string"}}],"inLanguage":"de"},{"@type":"Organization","@id":"https:\/\/christuskirche-schoeningen.de\/#organization","name":"Christuskirche Sch\u00f6ningen","url":"https:\/\/christuskirche-schoeningen.de\/","logo":{"@type":"ImageObject","inLanguage":"de","@id":"https:\/\/christuskirche-schoeningen.de\/#\/schema\/logo\/image\/","url":"https:\/\/christuskirche-schoeningen.de\/wp-content\/uploads\/2023\/05\/cropped-Christuskirche_Logo-mit-Text.png","contentUrl":"https:\/\/christuskirche-schoeningen.de\/wp-content\/uploads\/2023\/05\/cropped-Christuskirche_Logo-mit-Text.png","width":1500,"height":886,"caption":"Christuskirche Sch\u00f6ningen"},"image":{"@id":"https:\/\/christuskirche-schoeningen.de\/#\/schema\/logo\/image\/"}}]}},"_links":{"self":[{"href":"https:\/\/christuskirche-schoeningen.de\/index.php\/wp-json\/wp\/v2\/pages\/243","targetHints":{"allow":["GET"]}}],"collection":[{"href":"https:\/\/christuskirche-schoeningen.de\/index.php\/wp-json\/wp\/v2\/pages"}],"about":[{"href":"https:\/\/christuskirche-schoeningen.de\/index.php\/wp-json\/wp\/v2\/types\/page"}],"author":[{"embeddable":true,"href":"https:\/\/christuskirche-schoeningen.de\/index.php\/wp-json\/wp\/v2\/users\/3"}],"replies":[{"embeddable":true,"href":"https:\/\/christuskirche-schoeningen.de\/index.php\/wp-json\/wp\/v2\/comments?post=243"}],"version-history":[{"count":5,"href":"https:\/\/christuskirche-schoeningen.de\/index.php\/wp-json\/wp\/v2\/pages\/243\/revisions"}],"predecessor-version":[{"id":1872,"href":"https:\/\/christuskirche-schoeningen.de\/index.php\/wp-json\/wp\/v2\/pages\/243\/revisions\/1872"}],"wp:attachment":[{"href":"https:\/\/christuskirche-schoeningen.de\/index.php\/wp-json\/wp\/v2\/media?parent=243"}],"curies":[{"name":"wp","href":"https:\/\/api.w.org\/{rel}","templated":true}]}}